{"id":101,"date":"2022-08-23T07:58:21","date_gmt":"2022-08-23T07:58:21","guid":{"rendered":"https:\/\/bizbergthemes.com\/medical-business\/?page_id=101"},"modified":"2024-07-26T23:47:38","modified_gmt":"2024-07-26T23:47:38","slug":"nos-services","status":"publish","type":"page","link":"https:\/\/cidis.afkdigit.com\/index.php\/nos-services\/","title":{"rendered":"Nos services"},"content":{"rendered":"\t\t<div data-elementor-type=\"wp-page\" data-elementor-id=\"101\" class=\"elementor elementor-101\">\n\t\t\t\t<div class=\"elementor-element elementor-element-c0158c6 e-con-full e-flex e-con e-parent\" data-id=\"c0158c6\" data-element_type=\"container\" data-e-type=\"container\" data-settings=\"{&quot;background_background&quot;:&quot;classic&quot;}\">\n\t\t\t\t<\/div>\n\t\t<div class=\"elementor-element elementor-element-2173d84 e-flex e-con-boxed e-con e-parent\" data-id=\"2173d84\" data-element_type=\"container\" data-e-type=\"container\">\n\t\t\t\t\t<div class=\"e-con-inner\">\n\t\t\t\t<div class=\"elementor-element elementor-element-5c8085a elementor-widget elementor-widget-heading\" data-id=\"5c8085a\" data-element_type=\"widget\" data-e-type=\"widget\" data-widget_type=\"heading.default\">\n\t\t\t\t<div class=\"elementor-widget-container\">\n\t\t\t\t\t<h1 class=\"elementor-heading-title elementor-size-default\">Nos services<\/h1>\t\t\t\t<\/div>\n\t\t\t\t<\/div>\n\t\t\t\t\t<\/div>\n\t\t\t\t<\/div>\n\t\t<div class=\"elementor-element elementor-element-909f9d0 e-flex e-con-boxed e-con e-parent\" data-id=\"909f9d0\" data-element_type=\"container\" data-e-type=\"container\">\n\t\t\t\t\t<div class=\"e-con-inner\">\n\t\t\t\t<div class=\"elementor-element elementor-element-c4024be elementor-widget elementor-widget-heading\" data-id=\"c4024be\" data-element_type=\"widget\" data-e-type=\"widget\" data-widget_type=\"heading.default\">\n\t\t\t\t<div class=\"elementor-widget-container\">\n\t\t\t\t\t<h3 class=\"elementor-heading-title elementor-size-default\">Votre centre de radiologie \u00e0 Dakar<\/h3>\t\t\t\t<\/div>\n\t\t\t\t<\/div>\n\t\t\t\t<div class=\"elementor-element elementor-element-3658924 elementor-widget-divider--view-line_icon elementor-view-default elementor-widget-divider--element-align-center elementor-widget elementor-widget-divider\" data-id=\"3658924\" data-element_type=\"widget\" data-e-type=\"widget\" data-widget_type=\"divider.default\">\n\t\t\t\t<div class=\"elementor-widget-container\">\n\t\t\t\t\t\t\t<div class=\"elementor-divider\">\n\t\t\t<span class=\"elementor-divider-separator\">\n\t\t\t\t\t\t\t<div class=\"elementor-icon elementor-divider__element\">\n\t\t\t\t\t<svg aria-hidden=\"true\" class=\"e-font-icon-svg e-fas-star\" viewBox=\"0 0 576 512\" xmlns=\"http:\/\/www.w3.org\/2000\/svg\"><path d=\"M259.3 17.8L194 150.2 47.9 171.5c-26.2 3.8-36.7 36.1-17.7 54.6l105.7 103-25 145.5c-4.5 26.3 23.2 46 46.4 33.7L288 439.6l130.7 68.7c23.2 12.2 50.9-7.4 46.4-33.7l-25-145.5 105.7-103c19-18.5 8.5-50.8-17.7-54.6L382 150.2 316.7 17.8c-11.7-23.6-45.6-23.9-57.4 0z\"><\/path><\/svg><\/div>\n\t\t\t\t\t\t<\/span>\n\t\t<\/div>\n\t\t\t\t\t\t<\/div>\n\t\t\t\t<\/div>\n\t\t\t\t\t<\/div>\n\t\t\t\t<\/div>\n\t\t<div class=\"elementor-element elementor-element-5dfd254 e-grid e-con-full e-con e-parent\" data-id=\"5dfd254\" data-element_type=\"container\" data-e-type=\"container\">\n\t\t\t\t<div class=\"elementor-element elementor-element-1d5faba elementor-position-inline-start elementor-view-default elementor-mobile-position-block-start elementor-widget elementor-widget-icon-box\" data-id=\"1d5faba\" data-element_type=\"widget\" data-e-type=\"widget\" data-widget_type=\"icon-box.default\">\n\t\t\t\t<div class=\"elementor-widget-container\">\n\t\t\t\t\t\t\t<div class=\"elementor-icon-box-wrapper\">\n\n\t\t\t\t\t\t<div class=\"elementor-icon-box-icon\">\n\t\t\t\t<a href=\"#\" class=\"elementor-icon\" tabindex=\"-1\" aria-label=\"Scanner\">\n\t\t\t\t<svg aria-hidden=\"true\" class=\"e-font-icon-svg e-fas-universal-access\" viewBox=\"0 0 512 512\" xmlns=\"http:\/\/www.w3.org\/2000\/svg\"><path d=\"M256 48c114.953 0 208 93.029 208 208 0 114.953-93.029 208-208 208-114.953 0-208-93.029-208-208 0-114.953 93.029-208 208-208m0-40C119.033 8 8 119.033 8 256s111.033 248 248 248 248-111.033 248-248S392.967 8 256 8zm0 56C149.961 64 64 149.961 64 256s85.961 192 192 192 192-85.961 192-192S362.039 64 256 64zm0 44c19.882 0 36 16.118 36 36s-16.118 36-36 36-36-16.118-36-36 16.118-36 36-36zm117.741 98.023c-28.712 6.779-55.511 12.748-82.14 15.807.851 101.023 12.306 123.052 25.037 155.621 3.617 9.26-.957 19.698-10.217 23.315-9.261 3.617-19.699-.957-23.316-10.217-8.705-22.308-17.086-40.636-22.261-78.549h-9.686c-5.167 37.851-13.534 56.208-22.262 78.549-3.615 9.255-14.05 13.836-23.315 10.217-9.26-3.617-13.834-14.056-10.217-23.315 12.713-32.541 24.185-54.541 25.037-155.621-26.629-3.058-53.428-9.027-82.141-15.807-8.6-2.031-13.926-10.648-11.895-19.249s10.647-13.926 19.249-11.895c96.686 22.829 124.283 22.783 220.775 0 8.599-2.03 17.218 3.294 19.249 11.895 2.029 8.601-3.297 17.219-11.897 19.249z\"><\/path><\/svg>\t\t\t\t<\/a>\n\t\t\t<\/div>\n\t\t\t\n\t\t\t\t\t\t<div class=\"elementor-icon-box-content\">\n\n\t\t\t\t\t\t\t\t\t<h3 class=\"elementor-icon-box-title\">\n\t\t\t\t\t\t<a href=\"#\" >\n\t\t\t\t\t\t\tScanner\t\t\t\t\t\t<\/a>\n\t\t\t\t\t<\/h3>\n\t\t\t\t\n\t\t\t\t\t\t\t\t\t<p class=\"elementor-icon-box-description\">\n\t\t\t\t\t\t<B>Qu\u2019est-ce qu\u2019un scanner ?\n<\/B>\n<\/br><\/br>\nUn scanner permet d\u2019analyser pr\u00e9cis\u00e9ment les diff\u00e9rents organes du corps humain (taille, forme, structure, pr\u00e9sence de l\u00e9sions anormales) en mesurant l\u2019att\u00e9nuation des rayons X sous diff\u00e9rents angles de rotation. L\u2019image finale, analysable en 3 dimensions, utilise une \u00e9chelle de gris dont les teintes (blanc, gris, noir) d\u00e9pendent de la nature des structures travers\u00e9es par les rayons X.<\/br><\/br>\n<B>Comment se passe l\u2019examen ?\n<\/B>\n<\/br><\/br>\nL'examen dure environ 10 \u00e0 20 minutes. Les scanners de derni\u00e8re g\u00e9n\u00e9ration sont tr\u00e8s rapides.<\/br><\/br>\n<B>Pr\u00e9paration\n<\/B>\n<\/br><\/br>\n<B>Contre-indication :<\/B> Examen contre-indiqu\u00e9 en cas de grossesse, sauf dans certaines urgences sp\u00e9cifiques.<\/br>\n<B>Injection de produit de contraste iod\u00e9 :<\/B> Informez le personnel en cas d'allergie connue aux produits de contraste, d\u2019insuffisance r\u00e9nale (cr\u00e9atinin\u00e9mie), et soyez \u00e0 jeun depuis 4 heures. Pr\u00e9venez \u00e9galement en cas de traitement par antidiab\u00e9tique oral.<\/br><\/br>\n<B>D\u00e9roulement<\/B>\n<\/br><\/br>\n<B>Pr\u00e9paration : <\/B>Vous serez install\u00e9 dans un vestiaire pour vous d\u00e9v\u00eatir partiellement et on vous fournira une blouse \u00e0 usage unique. <\/br>\n<B>Injection :<\/B> Si une injection est n\u00e9cessaire, le manipulateur en radiologie vous posera une voie veineuse apr\u00e8s avoir v\u00e9rifi\u00e9 l'absence de contre-indication (allergie, insuffisance r\u00e9nale).<\/br><\/br>\n<B> Examen :<\/b><\/br><\/br>\n<B>Le scanner<\/B> est un anneau court d\u2019environ 2 m\u00e8tres de diam\u00e8tre, dans lequel la table d\u2019examen coulisse. Il n\u2019entra\u00eene jamais de sensation de claustrophobie. <\/br>\n<B>Vous serez<\/B> allong\u00e9 sur la table du scanner, et le manipulateur suivra l'examen depuis des ordinateurs situ\u00e9s derri\u00e8re une vitre plomb\u00e9e, communiquant avec vous via un haut-parleur.<\/br>\n<B>Pendant l\u2019examen, <\/B>l\u2019anneau contenant le tube \u00e0 rayons X et les capteurs tournera autour de vous. Suivez attentivement les consignes du manipulateur (inspirer, bloquer la respiration, rester immobile).<\/br>\n<B>En cas d\u2019injection de produit de contraste,<\/B> il est normal de ressentir une chaleur passag\u00e8re dans tout le corps.<\/br>\n<B>Analyse : <\/B>Le radiologue analysera les images du scanner sur son ordinateur et r\u00e9digera un compte rendu.<\/br><\/br>\n\n<B>Apr\u00e8s l\u2019examen<\/B> <\/br><\/br>\nHydratation : En cas d\u2019injection de produit de contraste, il est conseill\u00e9 de boire raisonnablement pour \u00e9liminer le produit de contraste.<\/br>\nM\u00e9dication : Si vous prenez de la Metformine (antidiab\u00e9tique), reprenez le traitement seulement 48 heures apr\u00e8s l\u2019examen. <\/br>\t\t\t\t\t<\/p>\n\t\t\t\t\n\t\t\t<\/div>\n\t\t\t\n\t\t<\/div>\n\t\t\t\t\t\t<\/div>\n\t\t\t\t<\/div>\n\t\t\t\t<div class=\"elementor-element elementor-element-c6e1b70 elementor-position-inline-start elementor-view-default elementor-mobile-position-block-start elementor-widget elementor-widget-icon-box\" data-id=\"c6e1b70\" data-element_type=\"widget\" data-e-type=\"widget\" data-widget_type=\"icon-box.default\">\n\t\t\t\t<div class=\"elementor-widget-container\">\n\t\t\t\t\t\t\t<div class=\"elementor-icon-box-wrapper\">\n\n\t\t\t\t\t\t<div class=\"elementor-icon-box-icon\">\n\t\t\t\t<a href=\"#\" class=\"elementor-icon\" tabindex=\"-1\" aria-label=\"Echographie\">\n\t\t\t\t<svg aria-hidden=\"true\" class=\"e-font-icon-svg e-far-eye\" viewBox=\"0 0 576 512\" xmlns=\"http:\/\/www.w3.org\/2000\/svg\"><path d=\"M288 144a110.94 110.94 0 0 0-31.24 5 55.4 55.4 0 0 1 7.24 27 56 56 0 0 1-56 56 55.4 55.4 0 0 1-27-7.24A111.71 111.71 0 1 0 288 144zm284.52 97.4C518.29 135.59 410.93 64 288 64S57.68 135.64 3.48 241.41a32.35 32.35 0 0 0 0 29.19C57.71 376.41 165.07 448 288 448s230.32-71.64 284.52-177.41a32.35 32.35 0 0 0 0-29.19zM288 400c-98.65 0-189.09-55-237.93-144C98.91 167 189.34 112 288 112s189.09 55 237.93 144C477.1 345 386.66 400 288 400z\"><\/path><\/svg>\t\t\t\t<\/a>\n\t\t\t<\/div>\n\t\t\t\n\t\t\t\t\t\t<div class=\"elementor-icon-box-content\">\n\n\t\t\t\t\t\t\t\t\t<h3 class=\"elementor-icon-box-title\">\n\t\t\t\t\t\t<a href=\"#\" >\n\t\t\t\t\t\t\tEchographie\t\t\t\t\t\t<\/a>\n\t\t\t\t\t<\/h3>\n\t\t\t\t\n\t\t\t\t\t\t\t\t\t<p class=\"elementor-icon-box-description\">\n\t\t\t\t\t\t<B> Qu\u2019est-ce qu\u2019une \u00e9chographie ?<\/B> <\/br><\/br>\nUne \u00e9chographie est une technique d'imagerie m\u00e9dicale qui utilise des ultrasons. La sonde d\u2019\u00e9chographie \u00e9met des ultrasons et re\u00e7oit le signal renvoy\u00e9 apr\u00e8s leur passage \u00e0 travers les tissus explor\u00e9s. Cela permet de cr\u00e9er une image en temps r\u00e9el des organes internes de votre corps (articulations et tendons, tissus sous-cutan\u00e9s, sein, thyro\u00efde, organes de l\u2019abdomen et du pelvis) ainsi que du f\u0153tus. L'\u00e9chographie permet \u00e9galement d'\u00e9valuer le d\u00e9bit sanguin dans les veines et art\u00e8res (Doppler).<\/br><\/br>\n<B> Comment se passe l\u2019examen ?<\/B> <\/br><\/br>\nCet examen dure g\u00e9n\u00e9ralement entre 10 et 20 minutes, en fonction des organes explor\u00e9s. Certaines \u00e9chographies n\u00e9cessitent une pr\u00e9paration particuli\u00e8re (comme \u00eatre \u00e0 jeun ou avoir la vessie pleine) ; vous en serez inform\u00e9 lors de la prise de rendez-vous.\nVous serez install\u00e9 dans un vestiaire pour vous d\u00e9v\u00eatir partiellement selon la zone \u00e0 examiner. Ensuite, vous serez allong\u00e9 sur une table d\u2019examen. Le m\u00e9decin radiologue r\u00e9alisera lui-m\u00eame l\u2019examen, appliquant un gel (eau g\u00e9lifi\u00e9e) sur votre peau pour assurer une bonne conductivit\u00e9 des ultrasons. \u00c0 l'aide d'une sonde, il examinera la zone d\u2019int\u00e9r\u00eat.\nL\u2019\u00e9chographie se fait le plus souvent par voie externe, mais peut \u00eatre r\u00e9alis\u00e9e par voie endocavitaire dans certaines situations (voie vaginale pour l\u2019exploration de l\u2019appareil g\u00e9nital f\u00e9minin, et voie endorectale pour l\u2019exploration de la prostate, toujours apr\u00e8s vous avoir expliqu\u00e9 la proc\u00e9dure et avec votre accord). Les mesures d\u2019hygi\u00e8ne ad\u00e9quates sont respect\u00e9es, une protection \u00e0 usage unique est plac\u00e9e sur la sonde, et les sondes endocavitaires sont d\u00e9sinfect\u00e9es apr\u00e8s chaque usage conform\u00e9ment aux protocoles d\u2019hygi\u00e8ne recommand\u00e9s. <\/br><\/br>\nL\u2019\u00e9chographie peut \u00e9galement \u00eatre utilis\u00e9e pour guider des gestes de radiologie interventionnelle, comme une biopsie.\t\t\t\t\t<\/p>\n\t\t\t\t\n\t\t\t<\/div>\n\t\t\t\n\t\t<\/div>\n\t\t\t\t\t\t<\/div>\n\t\t\t\t<\/div>\n\t\t\t\t<div class=\"elementor-element elementor-element-4dfcb8d elementor-position-inline-start elementor-view-default elementor-mobile-position-block-start elementor-widget elementor-widget-icon-box\" data-id=\"4dfcb8d\" data-element_type=\"widget\" data-e-type=\"widget\" data-widget_type=\"icon-box.default\">\n\t\t\t\t<div class=\"elementor-widget-container\">\n\t\t\t\t\t\t\t<div class=\"elementor-icon-box-wrapper\">\n\n\t\t\t\t\t\t<div class=\"elementor-icon-box-icon\">\n\t\t\t\t<a href=\"#\" class=\"elementor-icon\" tabindex=\"-1\" aria-label=\"Radio\">\n\t\t\t\t<svg aria-hidden=\"true\" class=\"e-font-icon-svg e-fas-radiation\" viewBox=\"0 0 496 512\" xmlns=\"http:\/\/www.w3.org\/2000\/svg\"><path d=\"M328.2 255.8h151.6c9.1 0 16.8-7.7 16.2-16.8-5.1-75.8-44.4-142.2-102.5-184.2-7.4-5.3-17.9-2.9-22.7 4.8L290.4 188c22.6 14.3 37.8 39.2 37.8 67.8zm-37.8 67.7c-12.3 7.7-26.8 12.4-42.4 12.4-15.6 0-30-4.7-42.4-12.4L125.2 452c-4.8 7.7-2.4 18.1 5.6 22.4C165.7 493.2 205.6 504 248 504s82.3-10.8 117.2-29.6c8-4.3 10.4-14.8 5.6-22.4l-80.4-128.5zM248 303.8c26.5 0 48-21.5 48-48s-21.5-48-48-48-48 21.5-48 48 21.5 48 48 48zm-231.8-48h151.6c0-28.6 15.2-53.5 37.8-67.7L125.2 59.7c-4.8-7.7-15.3-10.2-22.7-4.8C44.4 96.9 5.1 163.3 0 239.1c-.6 9 7.1 16.7 16.2 16.7z\"><\/path><\/svg>\t\t\t\t<\/a>\n\t\t\t<\/div>\n\t\t\t\n\t\t\t\t\t\t<div class=\"elementor-icon-box-content\">\n\n\t\t\t\t\t\t\t\t\t<h3 class=\"elementor-icon-box-title\">\n\t\t\t\t\t\t<a href=\"#\" >\n\t\t\t\t\t\t\tRadio\t\t\t\t\t\t<\/a>\n\t\t\t\t\t<\/h3>\n\t\t\t\t\n\t\t\t\t\t\t\t\t\t<p class=\"elementor-icon-box-description\">\n\t\t\t\t\t\t<B>Qu\u2019est-ce qu\u2019une radiographie ?<\/B><\/br><\/br>\nUne radiographie est une technique d\u2019imagerie m\u00e9dicale utilisant des rayons X. Ces rayons, \u00e9mis par un tube \u00e9metteur, traversent le corps et sont captur\u00e9s par un syst\u00e8me r\u00e9cepteur num\u00e9ris\u00e9. L\u2019image obtenue est une projection bidimensionnelle des tissus travers\u00e9s, d\u00e9pendant de la composition de la zone examin\u00e9e (\u00e9paisseur, densit\u00e9) et apparaissant sous forme de nuances de gris.<\/br><\/br>\n<B>Pr\u00e9cautions \u00e0 prendre<\/B><\/br><\/br>\nLa radiographie est un examen utilisant des rayonnements ionisants. Il est crucial de signaler toute grossesse ou suspicion de grossesse au manipulateur avant l'examen. Aucune pr\u00e9paration particuli\u00e8re n'est n\u00e9cessaire. Il n'est pas n\u00e9cessaire d'\u00eatre \u00e0 jeun, vous pouvez manger et boire normalement.<\/br><\/br>\n<B>Comment se pr\u00e9parer ?<\/B><\/br><\/br>\nL'examen est g\u00e9n\u00e9ralement tr\u00e8s rapide et ne dure que quelques minutes. Avant de passer la radiographie, vous vous changerez dans un vestiaire o\u00f9 l'on vous indiquera quels v\u00eatements retirer. Pendant l\u2019examen, vous serez positionn\u00e9 entre le tube \u00e0 rayons X et la plaque r\u00e9ceptrice des images. Suivez les instructions des manipulateurs. Il est important de ne pas bouger et de bloquer votre respiration si on vous le demande.\nPlusieurs clich\u00e9s seront pris sous diff\u00e9rentes positions, souvent de face et de profil. Apr\u00e8s l\u2019examen, vous retournerez en salle d\u2019attente pendant que le radiologue analyse les images.\t\t\t\t\t<\/p>\n\t\t\t\t\n\t\t\t<\/div>\n\t\t\t\n\t\t<\/div>\n\t\t\t\t\t\t<\/div>\n\t\t\t\t<\/div>\n\t\t\t\t<div class=\"elementor-element elementor-element-e7b5483 elementor-position-inline-start elementor-view-default elementor-mobile-position-block-start elementor-widget elementor-widget-icon-box\" data-id=\"e7b5483\" data-element_type=\"widget\" data-e-type=\"widget\" data-widget_type=\"icon-box.default\">\n\t\t\t\t<div class=\"elementor-widget-container\">\n\t\t\t\t\t\t\t<div class=\"elementor-icon-box-wrapper\">\n\n\t\t\t\t\t\t<div class=\"elementor-icon-box-icon\">\n\t\t\t\t<a href=\"#\" class=\"elementor-icon\" tabindex=\"-1\" aria-label=\"IRM\">\n\t\t\t\t<svg aria-hidden=\"true\" class=\"e-font-icon-svg e-fas-brain\" viewBox=\"0 0 576 512\" xmlns=\"http:\/\/www.w3.org\/2000\/svg\"><path d=\"M208 0c-29.9 0-54.7 20.5-61.8 48.2-.8 0-1.4-.2-2.2-.2-35.3 0-64 28.7-64 64 0 4.8.6 9.5 1.7 14C52.5 138 32 166.6 32 200c0 12.6 3.2 24.3 8.3 34.9C16.3 248.7 0 274.3 0 304c0 33.3 20.4 61.9 49.4 73.9-.9 4.6-1.4 9.3-1.4 14.1 0 39.8 32.2 72 72 72 4.1 0 8.1-.5 12-1.2 9.6 28.5 36.2 49.2 68 49.2 39.8 0 72-32.2 72-72V64c0-35.3-28.7-64-64-64zm368 304c0-29.7-16.3-55.3-40.3-69.1 5.2-10.6 8.3-22.3 8.3-34.9 0-33.4-20.5-62-49.7-74 1-4.5 1.7-9.2 1.7-14 0-35.3-28.7-64-64-64-.8 0-1.5.2-2.2.2C422.7 20.5 397.9 0 368 0c-35.3 0-64 28.6-64 64v376c0 39.8 32.2 72 72 72 31.8 0 58.4-20.7 68-49.2 3.9.7 7.9 1.2 12 1.2 39.8 0 72-32.2 72-72 0-4.8-.5-9.5-1.4-14.1 29-12 49.4-40.6 49.4-73.9z\"><\/path><\/svg>\t\t\t\t<\/a>\n\t\t\t<\/div>\n\t\t\t\n\t\t\t\t\t\t<div class=\"elementor-icon-box-content\">\n\n\t\t\t\t\t\t\t\t\t<h3 class=\"elementor-icon-box-title\">\n\t\t\t\t\t\t<a href=\"#\" >\n\t\t\t\t\t\t\tIRM\t\t\t\t\t\t<\/a>\n\t\t\t\t\t<\/h3>\n\t\t\t\t\n\t\t\t\t\t\t\t\t\t<p class=\"elementor-icon-box-description\">\n\t\t\t\t\t\t<B>Qu\u2019est-ce qu\u2019une IRM ? \n<\/B>\n<\/br><\/br>\nL'IRM (Imagerie par R\u00e9sonance Magn\u00e9tique) utilise des aimants puissants, souvent \u00e0 1.5T ou 3T (nous en poss\u00e9dons deux \u00e0 3T), pour produire des images pr\u00e9cises du corps. L'image est obtenue en excitant les protons dans un champ magn\u00e9tique, ce qui permet de diff\u00e9rencier les tissus en fonction de leur composition. Cet examen est particuli\u00e8rement utile en imagerie neurologique.\nL\u2019IRM est souvent utilis\u00e9e pour explorer un seul organe ou une r\u00e9gion limit\u00e9e, en raison de ses sp\u00e9cificit\u00e9s techniques. Il est donc essentiel de fournir votre ordonnance et de poser une question pr\u00e9cise \u00e0 votre m\u00e9decin pour s'assurer que la bonne r\u00e9gion est examin\u00e9e avec le protocole appropri\u00e9.\n<\/br><\/br>\n<B>Comment se passe l\u2019examen ?\n<\/B>\n<\/br><\/br>\nL'examen dure de 10 \u00e0 30 minutes, selon l'organe explor\u00e9.\n<\/br><\/br>\n<B>Pr\u00e9paration\n<\/B>\n<\/br><\/br>\nFemmes enceintes : Examen non irradiant possible \u00e0 partir du 2\u00e8me trimestre de grossesse.<\/br>\nPr\u00e9paration : Pas de pr\u00e9paration ni de je\u00fbne pour la plupart des examens.<\/br>\nContre-indications : Corps \u00e9tranger m\u00e9tallique intraorbitaire, pacemaker.<\/br><\/br>\n<B>D\u00e9roulement\n<\/B>\n<\/br><\/br>\nPr\u00e9paration : Vous serez install\u00e9 dans un vestiaire pour vous d\u00e9v\u00eatir partiellement et retirer tous les objets m\u00e9talliques et bijoux. Une blouse \u00e0 usage unique vous sera fournie. <\/br>\nInjection de contraste : Si n\u00e9cessaire, une injection de gadolinium sera administr\u00e9e apr\u00e8s v\u00e9rification de l'absence de contre-indication (allergie, insuffisance r\u00e9nale). Le manipulateur en radiologie vous posera une voie veineuse. <\/br><\/br>\n<B>Examen :<\/br><\/br><\/b>\n<B>L\u2019IRM <\/B>est un tunnel de 70 cm de diam\u00e8tre (nos machines disposent de tunnels plus larges qu'auparavant), dans lequel la table d\u2019examen coulisse.<\/br>\nVous serez allong\u00e9 sur la table de l\u2019IRM, et le manipulateur suivra l'examen depuis des ordinateurs derri\u00e8re une vitre plomb\u00e9e, communiquant avec vous via un haut-parleur.<\/br>\n<B>L\u2019examen<\/B> est bruyant, mais des bouchons d\u2019oreilles et un casque audio vous seront propos\u00e9s, bien qu'ils ne puissent masquer que partiellement le bruit.<\/br>\n<B>Il est crucial <\/B>de rester immobile pendant toute la dur\u00e9e de l'examen. Suivez les consignes du manipulateur (inspirer, bloquer la respiration, rester immobile) lors de l\u2019acquisition des images.<\/br>\n<B>En cas d\u2019injection de gadolinium<\/B>, un go\u00fbt m\u00e9tallique peut \u00eatre ressenti dans la bouche.<\/br><\/br>\n<B>Analyse :<\/B><\/br><\/br> Le radiologue analysera les images de l\u2019IRM sur son ordinateur et r\u00e9digera un compte rendu.<\/br><\/br>\n\n\t\t\t\t\t<\/p>\n\t\t\t\t\n\t\t\t<\/div>\n\t\t\t\n\t\t<\/div>\n\t\t\t\t\t\t<\/div>\n\t\t\t\t<\/div>\n\t\t\t\t<\/div>\n\t\t<div class=\"elementor-element elementor-element-870d1bc e-grid e-con-full e-con e-parent\" data-id=\"870d1bc\" data-element_type=\"container\" data-e-type=\"container\">\n\t\t\t\t<div class=\"elementor-element elementor-element-090c9f8 elementor-position-inline-start elementor-view-default elementor-mobile-position-block-start elementor-widget elementor-widget-icon-box\" data-id=\"090c9f8\" data-element_type=\"widget\" data-e-type=\"widget\" data-widget_type=\"icon-box.default\">\n\t\t\t\t<div class=\"elementor-widget-container\">\n\t\t\t\t\t\t\t<div class=\"elementor-icon-box-wrapper\">\n\n\t\t\t\t\t\t<div class=\"elementor-icon-box-icon\">\n\t\t\t\t<a href=\"#\" class=\"elementor-icon\" tabindex=\"-1\" aria-label=\"mammographie ?\">\n\t\t\t\t<svg aria-hidden=\"true\" class=\"e-font-icon-svg e-far-check-square\" viewBox=\"0 0 448 512\" xmlns=\"http:\/\/www.w3.org\/2000\/svg\"><path d=\"M400 32H48C21.49 32 0 53.49 0 80v352c0 26.51 21.49 48 48 48h352c26.51 0 48-21.49 48-48V80c0-26.51-21.49-48-48-48zm0 400H48V80h352v352zm-35.864-241.724L191.547 361.48c-4.705 4.667-12.303 4.637-16.97-.068l-90.781-91.516c-4.667-4.705-4.637-12.303.069-16.971l22.719-22.536c4.705-4.667 12.303-4.637 16.97.069l59.792 60.277 141.352-140.216c4.705-4.667 12.303-4.637 16.97.068l22.536 22.718c4.667 4.706 4.637 12.304-.068 16.971z\"><\/path><\/svg>\t\t\t\t<\/a>\n\t\t\t<\/div>\n\t\t\t\n\t\t\t\t\t\t<div class=\"elementor-icon-box-content\">\n\n\t\t\t\t\t\t\t\t\t<h3 class=\"elementor-icon-box-title\">\n\t\t\t\t\t\t<a href=\"#\" >\n\t\t\t\t\t\t\tmammographie ?\t\t\t\t\t\t<\/a>\n\t\t\t\t\t<\/h3>\n\t\t\t\t\n\t\t\t\t\t\t\t\t\t<p class=\"elementor-icon-box-description\">\n\t\t\t\t\t\t<B>Qu\u2019est-ce qu\u2019une mammographie ? <\/B>\n<\/br><\/br>\nLa mammographie est l'examen de r\u00e9f\u00e9rence pour le d\u00e9pistage et le diagnostic du cancer du sein.\n<\/br><\/br>\n<B>Qu\u2019est-ce que la tomosynth\u00e8se (mammographie 3D) ?<\/B>\n<\/br><\/br>\nLa tomosynth\u00e8se est une m\u00e9thode d\u2019imagerie du sein utilisant un mammographe num\u00e9rique plein champ pour cr\u00e9er une image en 3D. Selon les \u00e9tudes, elle offre une meilleure pr\u00e9cision dans la caract\u00e9risation des anomalies mammaires et r\u00e9duit les risques d\u2019interpr\u00e9tation erron\u00e9e des images 2D dues \u00e0 la superposition des tissus.\n<\/br><\/br>\n<B>Pr\u00e9cautions \u00e0 prendre<\/B>\n<\/br><\/br>\nPour minimiser l\u2019inconfort li\u00e9 \u00e0 la compression des seins, il est recommand\u00e9 aux femmes non m\u00e9nopaus\u00e9es de prendre rendez-vous dans les 10 premiers jours de leur cycle, lorsque les seins sont moins sensibles. Si vos seins sont tr\u00e8s sensibles, mentionnez-le au manipulateur lors de la mammographie.\n\u00c9vitez d\u2019appliquer de la cr\u00e8me, du parfum, de la poudre ou du d\u00e9odorant sur vos seins ou vos aisselles avant l\u2019examen, car cela peut interf\u00e9rer avec les r\u00e9sultats. Habillez-vous de mani\u00e8re \u00e0 pouvoir enlever facilement le haut de votre tenue et \u00e9vitez de porter des bijoux (cha\u00eenes, boucles d\u2019oreilles, etc.) que vous devrez retirer pour l\u2019examen. Si vous avez les cheveux longs, il est pr\u00e9f\u00e9rable de les attacher.\nApportez vos anciens clich\u00e9s de mammographie, \u00e9chographie mammaire, r\u00e9sultats de biopsie ou IRM mammaire, ainsi que votre ordonnance ou le bon de prise en charge re\u00e7u par courrier (ADEMAS).\n<\/br><\/br>\n<B>Contre-indications<\/B>\n<\/br><\/br>\n\u00c9tant donn\u00e9 que l'examen utilise des rayons X, il est \u00e0 \u00e9viter en cas de grossesse, sauf avis m\u00e9dical sp\u00e9cialis\u00e9 le justifiant.\t\t\t\t\t<\/p>\n\t\t\t\t\n\t\t\t<\/div>\n\t\t\t\n\t\t<\/div>\n\t\t\t\t\t\t<\/div>\n\t\t\t\t<\/div>\n\t\t\t\t<\/div>\n\t\t<div class=\"elementor-element elementor-element-bada1a9 e-flex e-con-boxed e-con e-parent\" data-id=\"bada1a9\" data-element_type=\"container\" data-e-type=\"container\">\n\t\t\t\t\t<div class=\"e-con-inner\">\n\t\t\t\t\t<\/div>\n\t\t\t\t<\/div>\n\t\t\t\t<\/div>\n\t\t","protected":false},"excerpt":{"rendered":"<p>Nos services Votre centre de radiologie \u00e0 Dakar Scanner Qu\u2019est-ce qu\u2019un scanner ? Un scanner permet d\u2019analyser pr\u00e9cis\u00e9ment les diff\u00e9rents organes du corps humain (taille, forme, structure, pr\u00e9sence de l\u00e9sions anormales) en mesurant l\u2019att\u00e9nuation des rayons X sous diff\u00e9rents angles de rotation. L\u2019image finale, analysable en 3 dimensions, utilise une \u00e9chelle de gris dont les teintes (blanc, gris, noir) d\u00e9pendent&#8230;<\/p>\n","protected":false},"author":1,"featured_media":22,"parent":0,"menu_order":0,"comment_status":"closed","ping_status":"closed","template":"page-templates\/full-width.php","meta":{"footnotes":""},"class_list":["post-101","page","type-page","status-publish","has-post-thumbnail","hentry"],"_links":{"self":[{"href":"https:\/\/cidis.afkdigit.com\/index.php\/wp-json\/wp\/v2\/pages\/101"}],"collection":[{"href":"https:\/\/cidis.afkdigit.com\/index.php\/wp-json\/wp\/v2\/pages"}],"about":[{"href":"https:\/\/cidis.afkdigit.com\/index.php\/wp-json\/wp\/v2\/types\/page"}],"author":[{"embeddable":true,"href":"https:\/\/cidis.afkdigit.com\/index.php\/wp-json\/wp\/v2\/users\/1"}],"replies":[{"embeddable":true,"href":"https:\/\/cidis.afkdigit.com\/index.php\/wp-json\/wp\/v2\/comments?post=101"}],"version-history":[{"count":31,"href":"https:\/\/cidis.afkdigit.com\/index.php\/wp-json\/wp\/v2\/pages\/101\/revisions"}],"predecessor-version":[{"id":522,"href":"https:\/\/cidis.afkdigit.com\/index.php\/wp-json\/wp\/v2\/pages\/101\/revisions\/522"}],"wp:featuredmedia":[{"embeddable":true,"href":"https:\/\/cidis.afkdigit.com\/index.php\/wp-json\/wp\/v2\/media\/22"}],"wp:attachment":[{"href":"https:\/\/cidis.afkdigit.com\/index.php\/wp-json\/wp\/v2\/media?parent=101"}],"curies":[{"name":"wp","href":"https:\/\/api.w.org\/{rel}","templated":true}]}}