{"id":103,"date":"2022-08-23T07:59:03","date_gmt":"2022-08-23T07:59:03","guid":{"rendered":"https:\/\/bizbergthemes.com\/medical-business\/?page_id=103"},"modified":"2024-07-27T00:15:14","modified_gmt":"2024-07-27T00:15:14","slug":"a_propos_de_nous","status":"publish","type":"page","link":"https:\/\/cidis.afkdigit.com\/index.php\/a_propos_de_nous\/","title":{"rendered":"A propos de nous"},"content":{"rendered":"\t\t<div data-elementor-type=\"wp-page\" data-elementor-id=\"103\" class=\"elementor elementor-103\">\n\t\t\t\t<div class=\"elementor-element elementor-element-ecfc2c5 e-con-full e-flex e-con e-parent\" data-id=\"ecfc2c5\" data-element_type=\"container\" data-e-type=\"container\" data-settings=\"{&quot;background_background&quot;:&quot;classic&quot;}\">\n\t\t\t\t<\/div>\n\t\t<div class=\"elementor-element elementor-element-62c9528 e-con-full e-flex e-con e-parent\" data-id=\"62c9528\" data-element_type=\"container\" data-e-type=\"container\">\n\t\t<div class=\"elementor-element elementor-element-b691e62 e-con-full e-flex e-con e-child\" data-id=\"b691e62\" data-element_type=\"container\" data-e-type=\"container\">\n\t\t\t\t<div class=\"elementor-element elementor-element-a0a337a elementor-widget elementor-widget-heading\" data-id=\"a0a337a\" data-element_type=\"widget\" data-e-type=\"widget\" data-widget_type=\"heading.default\">\n\t\t\t\t<div class=\"elementor-widget-container\">\n\t\t\t\t\t<h2 class=\"elementor-heading-title elementor-size-default\">A propos de nous<\/h2>\t\t\t\t<\/div>\n\t\t\t\t<\/div>\n\t\t\t\t<\/div>\n\t\t<div class=\"elementor-element elementor-element-25932be e-con-full e-flex e-con e-child\" data-id=\"25932be\" data-element_type=\"container\" data-e-type=\"container\">\n\t\t\t\t<div class=\"elementor-element elementor-element-05fb5b0 elementor-widget elementor-widget-image\" data-id=\"05fb5b0\" data-element_type=\"widget\" data-e-type=\"widget\" data-widget_type=\"image.default\">\n\t\t\t\t<div class=\"elementor-widget-container\">\n\t\t\t\t\t\t\t\t\t\t\t\t\t\t\t<img decoding=\"async\" width=\"298\" height=\"132\" src=\"https:\/\/cidis.afkdigit.com\/wp-content\/uploads\/2024\/07\/Logo-Copie.png\" class=\"attachment-large size-large wp-image-120\" alt=\"\" \/>\t\t\t\t\t\t\t\t\t\t\t\t\t\t\t<\/div>\n\t\t\t\t<\/div>\n\t\t\t\t<\/div>\n\t\t<div class=\"elementor-element elementor-element-1413150 e-con-full e-flex e-con e-child\" data-id=\"1413150\" data-element_type=\"container\" data-e-type=\"container\">\n\t\t\t\t<div class=\"elementor-element elementor-element-5744cf6 elementor-widget elementor-widget-text-editor\" data-id=\"5744cf6\" data-element_type=\"widget\" data-e-type=\"widget\" data-widget_type=\"text-editor.default\">\n\t\t\t\t<div class=\"elementor-widget-container\">\n\t\t\t\t\t\t\t\t\t<div class=\"elementor-element elementor-element-64e3b7af elementor-widget elementor-widget-heading\" data-id=\"64e3b7af\" data-element_type=\"widget\" data-widget_type=\"heading.default\"><div class=\"elementor-widget-container\"><div class=\"elementor-heading-title elementor-size-default\">CIDIS est un regroupement de radiologue disposant d\u2019un plateau technique complet couvrant l\u2019imagerie m\u00e9dicale g\u00e9n\u00e9rale et sp\u00e9cialis\u00e9e.<br \/><br \/>La qualit\u00e9 diagnostique et l\u2019attention concernant votre accueil sont notre principal souci. Nous travaillons quotidiennement \u00e0 l\u2019am\u00e9lioration de votre prise en charge, tant sur le plan humain, qu\u2019en terme de technique d\u2019imagerie.<br \/><br \/>Dans un souci d\u2019am\u00e9lioration des soins et de leur organisation, sachez que les personnels m\u00e9dicaux et param\u00e9dicaux b\u00e9n\u00e9ficient d\u2019une formation continue dans le but d\u2019acqu\u00e9rir de nouvelles comp\u00e9tences ou de les approfondir.<br \/><br \/>Du point de vue de l\u2019organisation, nous sommes entr\u00e9s dans une d\u00e9marche qualit\u00e9 afin d\u2019\u00e9valuer l\u2019efficience de notre service et la satisfaction des patients. Nous sommes pour cela \u00e0 l\u2019\u00e9coute de vos remarques et restons \u00e0 votre service.<br \/>Ce site a \u00e9t\u00e9 d\u00e9velopp\u00e9 pour nous pr\u00e9senter mais aussi pour vous aider \u00e0 bien pr\u00e9parer vos examens.<\/div><\/div><\/div><div class=\"elementor-element elementor-element-7b503df8 elementor-widget elementor-widget-spacer\" data-id=\"7b503df8\" data-element_type=\"widget\" data-widget_type=\"spacer.default\"><div class=\"elementor-widget-container\"><div class=\"elementor-spacer\"><div class=\"elementor-spacer-inner\">\u00a0<\/div><\/div><\/div><\/div><div class=\"elementor-element elementor-element-4c848c4 elementor-icon-list--layout-traditional elementor-list-item-link-full_width elementor-widget elementor-widget-icon-list\" data-id=\"4c848c4\" data-element_type=\"widget\" data-widget_type=\"icon-list.default\"><div class=\"elementor-widget-container\"><p><span class=\"elementor-icon-list-text\">Radiologie &#8211; <\/span><span class=\"elementor-icon-list-text\">\u00c9chographie &#8211; <\/span><span class=\"elementor-icon-list-text\">Mammographie &#8211; <\/span><span class=\"elementor-icon-list-text\">Scanner &#8211; <\/span><span class=\"elementor-icon-list-text\">IRM<\/span><\/p><\/div><\/div>\t\t\t\t\t\t\t\t<\/div>\n\t\t\t\t<\/div>\n\t\t\t\t<\/div>\n\t\t\t\t<\/div>\n\t\t\t\t<\/div>\n\t\t","protected":false},"excerpt":{"rendered":"<p>A propos de nous CIDIS est un regroupement de radiologue disposant d\u2019un plateau technique complet couvrant l\u2019imagerie m\u00e9dicale g\u00e9n\u00e9rale et sp\u00e9cialis\u00e9e. La qualit\u00e9 diagnostique et l\u2019attention concernant votre accueil sont notre principal souci. Nous travaillons quotidiennement \u00e0 l\u2019am\u00e9lioration de votre prise en charge, tant sur le plan humain, qu\u2019en terme de technique d\u2019imagerie. Dans un souci d\u2019am\u00e9lioration des soins et&#8230;<\/p>\n","protected":false},"author":1,"featured_media":0,"parent":0,"menu_order":0,"comment_status":"closed","ping_status":"closed","template":"page-templates\/full-width.php","meta":{"footnotes":""},"class_list":["post-103","page","type-page","status-publish","hentry"],"_links":{"self":[{"href":"https:\/\/cidis.afkdigit.com\/index.php\/wp-json\/wp\/v2\/pages\/103"}],"collection":[{"href":"https:\/\/cidis.afkdigit.com\/index.php\/wp-json\/wp\/v2\/pages"}],"about":[{"href":"https:\/\/cidis.afkdigit.com\/index.php\/wp-json\/wp\/v2\/types\/page"}],"author":[{"embeddable":true,"href":"https:\/\/cidis.afkdigit.com\/index.php\/wp-json\/wp\/v2\/users\/1"}],"replies":[{"embeddable":true,"href":"https:\/\/cidis.afkdigit.com\/index.php\/wp-json\/wp\/v2\/comments?post=103"}],"version-history":[{"count":121,"href":"https:\/\/cidis.afkdigit.com\/index.php\/wp-json\/wp\/v2\/pages\/103\/revisions"}],"predecessor-version":[{"id":542,"href":"https:\/\/cidis.afkdigit.com\/index.php\/wp-json\/wp\/v2\/pages\/103\/revisions\/542"}],"wp:attachment":[{"href":"https:\/\/cidis.afkdigit.com\/index.php\/wp-json\/wp\/v2\/media?parent=103"}],"curies":[{"name":"wp","href":"https:\/\/api.w.org\/{rel}","templated":true}]}}